{"id":3858,"date":"2025-02-11T15:34:08","date_gmt":"2025-02-11T15:34:08","guid":{"rendered":"https:\/\/www.yellenge.nl\/?page_id=3858"},"modified":"2026-01-06T08:21:52","modified_gmt":"2026-01-06T08:21:52","slug":"blogs","status":"publish","type":"page","link":"https:\/\/www.yellenge.nl\/en\/blogs\/","title":{"rendered":"Blogs"},"content":{"rendered":"\n\n<section \n        class=\"wp-block-theme-hero  alignfull has-black-background-color has-background hero  \">\n    <div class=\"hero__bg bg-black\" data-anim-moving>\n        \n<svg viewBox=\"0 0 510 450\">\n    <use href=\"#paint_shapes\" fill=\"url('#paint0_linear')\"><\/use>\n<\/svg>    <\/div>\n    <div class=\"hero__inner\">\n                    <div class=\"hero__breadcrumbs\">\n                <div class=\"breadcrumbs\">\n            <a href=\"https:\/\/www.yellenge.nl\/en\/\" title=\"Home\"\n           class=\"breadcrumbs__item breadcrumbs__item--home\"><svg xmlns=\"http:\/\/www.w3.org\/2000\/svg\" width=\"12\" height=\"14\" viewBox=\"0 0 12 14\" fill=\"currentColor\">\n    <path d=\"M12 6.74954V12.7495C12 12.8821 11.9473 13.0093 11.8536 13.1031C11.7598 13.1969 11.6326 13.2495 11.5 13.2495H8C7.86739 13.2495 7.74021 13.1969 7.64645 13.1031C7.55268 13.0093 7.5 12.8821 7.5 12.7495V9.49954C7.5 9.43323 7.47366 9.36964 7.42678 9.32276C7.37989 9.27588 7.3163 9.24954 7.25 9.24954H4.75C4.6837 9.24954 4.62011 9.27588 4.57322 9.32276C4.52634 9.36964 4.5 9.43323 4.5 9.49954V12.7495C4.5 12.8821 4.44732 13.0093 4.35355 13.1031C4.25979 13.1969 4.13261 13.2495 4 13.2495H0.5C0.367392 13.2495 0.240215 13.1969 0.146447 13.1031C0.0526785 13.0093 0 12.8821 0 12.7495V6.74954C0.000122931 6.48437 0.10556 6.2301 0.293125 6.04266L5.29313 1.04266C5.48064 0.855267 5.7349 0.75 6 0.75C6.2651 0.75 6.51936 0.855267 6.70687 1.04266L11.7069 6.04266C11.8944 6.2301 11.9999 6.48437 12 6.74954Z\"\/>\n<\/svg><\/a>\n            <span class=\"breadcrumbs__item breadcrumbs__item--last\"><\/span>\n<\/div>            <\/div>\n                \n<div class=\"hero-content hero__content\">\n<h1 class=\"wp-block-heading hero__title\">We are happy to share our knowledge and expertise with you. <\/h1>\n\n\n\n<p>Stay informed about the latest developments in the event industry<\/p>\n<\/div>\n\n    <\/div>\n    <\/section>\n\n\n<section \n        class=\"wp-block-theme-news-archive  alignwide\">\n        <div class=\"wp-block-theme-news-archive__inner\">\n                    <div class=\"grid-archive\">\n                <div class=\"grid-archive__columns\" data-container='load_news'>\n                                    <\/div>\n                                <div class=\"grid-archive__overlay\">\n                    <div class=\"loader\">\n    <svg width=\"100\" height=\"100\">\n        <use href=\"#icon-logo\"><\/use>\n    <\/svg>\n<\/div>                <\/div>\n            <\/div>\n            <\/div>\n<\/section>\n\n<section \n        class=\"wp-block-theme-team-archive  alignfull has-rose-background-color has-background\">\n    <div class=\"wp-block-theme-team-archive__inner\">\n                    <div class=\"wp-block-theme-team-archive__content\">\n                \n\n<h2 class=\"wp-block-heading has-h-1-font-size\">Organizing an event can be challenging. That&#8217;s why our consultants are ready to assist you.<\/h2>\n\n\n\n<div class=\"wp-block-buttons is-layout-flex wp-block-buttons-is-layout-flex\">\n<div class=\"wp-block-button\"><a class=\"wp-block-button__link has-black-background-color has-background wp-element-button\" href=\"https:\/\/www.yellenge.nl\/en\/about-us\/\"><div data-anim-rotate><div>View our team<\/div><\/div><\/a><\/div>\n<\/div>\n\n\n            <\/div>\n                        <div class=\"grid-archive\">\n            <div class=\"grid-archive__grid\">\n                            <\/div>\n                    <\/div>\n    <\/div>\n<\/section>\n\n\n<section \n        class=\"wp-block-theme-footer-cta  alignfull\">\n    <div class=\"wp-block-theme-footer-cta__main\">\n        <div class=\"wp-block-theme-footer-cta__bg-wrap\">\n            <div class=\"wp-block-theme-footer-cta__bg\" data-anim-moving>\n                <svg viewBox=\"0 0 1069 917\">\n                    <use href=\"#paint_shapes_left\" fill=\"url('#paint0_linear_left')\"><\/use>\n                <\/svg>\n            <\/div>\n        <\/div>\n        <div class=\"wp-block-theme-footer-cta__inner\">\n            \n<div class=\"wp-block-theme-column\">\n<h2 class=\"wp-block-heading has-large-font-size\">Onze consultants staan voor je klaar en denken mee!<\/h2>\n\n\n\n<p>Of je nu net begint of al jaren ervaring hebt: met Yellenge sta je er nooit alleen voor. Onze consultants helpen je van planning tot evaluatie met advies, ondersteuning en slimme oplossingen. Maak jouw event slimmer, eenvoudiger en professioneler.<\/p>\n\n\n\n<div class=\"wp-block-buttons is-layout-flex wp-block-buttons-is-layout-flex\">\n<div class=\"wp-block-button\"><a class=\"wp-block-button__link wp-element-button\" href=\"https:\/\/www.yellenge.nl\/en\/schedule-demo\/\"><div data-anim-rotate><div>Plan een demo<\/div><\/div><\/a><\/div>\n<\/div>\n<\/div>\n\n<div class=\"wp-block-theme-column\">\n<h3 class=\"wp-block-heading\">Download de brochure<\/h3>\n\n\n\n<p>Ontdek alle mogelijkheden van Yellenge in \u00e9\u00e9n overzicht. Leer hoe het alles-in-\u00e9\u00e9n platform jouw events eenvoudiger, interactiever en succesvoller maakt.<\/p>\n\n\n\n<div class=\"wp-block-buttons is-layout-flex wp-block-buttons-is-layout-flex\">\n<div class=\"wp-block-button is-style-arrow\"><a class=\"wp-block-button__link \" href=\"https:\/\/www.yellenge.nl\/en\/brochure-download\/\"><span>Download de brochure<\/span>            <span class=\"oval\"><span class=\"btn-moving\">    <svg width=\"15\" height=\"13\">\n        <use href=\"#icon-arrow\"><\/use>\n    <\/svg>\n    <svg width=\"15\" height=\"13\">\n        <use href=\"#icon-arrow\"><\/use>\n    <\/svg>\n<\/span><\/span>\n    <\/a><\/div>\n<\/div>\n<\/div>\n\n<div class=\"wp-block-theme-column\">\n<h3 class=\"wp-block-heading\">Vraag een offerte aan<\/h3>\n\n\n\n<p>Benieuwd wat Yellenge voor jouw event kan betekenen? Vraag een offerte aan en ontvang een voorstel op maat, afgestemd op jouw wensen en doelen.<\/p>\n\n\n\n<div class=\"wp-block-buttons is-layout-flex wp-block-buttons-is-layout-flex\">\n<div class=\"wp-block-button is-style-arrow\"><a class=\"wp-block-button__link \" href=\"https:\/\/www.yellenge.nl\/en\/request-quotation\/\"><span>Offerte aanvragen<\/span>            <span class=\"oval\"><span class=\"btn-moving\">    <svg width=\"15\" height=\"13\">\n        <use href=\"#icon-arrow\"><\/use>\n    <\/svg>\n    <svg width=\"15\" height=\"13\">\n        <use href=\"#icon-arrow\"><\/use>\n    <\/svg>\n<\/span><\/span>\n    <\/a><\/div>\n<\/div>\n<\/div>\n\n        <\/div>\n    <\/div>\n            <div class=\"wp-block-theme-footer-cta__image\">\n                                                    <img decoding=\"async\" src=\"https:\/\/www.yellenge.nl\/wp-content\/smush-webp\/2025\/05\/Yellenge-NBC-428BW.jpg.webp\" alt=\"\" class=\"\" srcset=\"https:\/\/www.yellenge.nl\/wp-content\/smush-webp\/2025\/05\/Yellenge-NBC-428BW.jpg.webp 2000w, https:\/\/www.yellenge.nl\/wp-content\/uploads\/2025\/05\/Yellenge-NBC-428BW-300x630-c-1.jpg 300w, https:\/\/www.yellenge.nl\/wp-content\/smush-webp\/2025\/05\/Yellenge-NBC-428BW-1024x682.jpg.webp 1024w, https:\/\/www.yellenge.nl\/wp-content\/uploads\/2025\/05\/Yellenge-NBC-428BW-768x630-c-1.jpg 768w, https:\/\/www.yellenge.nl\/wp-content\/smush-webp\/2025\/05\/Yellenge-NBC-428BW-1536x1024.jpg.webp 1536w\" sizes=\"(max-width: 2000px) 100vw, 2000px\"\n                     style=\"object-position: 91% 14%\" width=\"2000\" height=\"1333\">\n                    <\/div>\n    <\/section>","protected":false},"excerpt":{"rendered":"","protected":false},"author":11,"featured_media":0,"parent":0,"menu_order":25,"comment_status":"closed","ping_status":"closed","template":"","meta":{"_acf_changed":false,"_seopress_robots_primary_cat":"","_seopress_titles_title":"","_seopress_titles_desc":"We are happy to share our knowledge and expertise with you","_seopress_robots_index":"","_seopress_analysis_target_kw":"","footnotes":""},"class_list":["post-3858","page","type-page","status-publish","hentry"],"acf":[],"_links":{"self":[{"href":"https:\/\/www.yellenge.nl\/en\/wp-json\/wp\/v2\/pages\/3858","targetHints":{"allow":["GET"]}}],"collection":[{"href":"https:\/\/www.yellenge.nl\/en\/wp-json\/wp\/v2\/pages"}],"about":[{"href":"https:\/\/www.yellenge.nl\/en\/wp-json\/wp\/v2\/types\/page"}],"author":[{"embeddable":true,"href":"https:\/\/www.yellenge.nl\/en\/wp-json\/wp\/v2\/users\/11"}],"replies":[{"embeddable":true,"href":"https:\/\/www.yellenge.nl\/en\/wp-json\/wp\/v2\/comments?post=3858"}],"version-history":[{"count":3,"href":"https:\/\/www.yellenge.nl\/en\/wp-json\/wp\/v2\/pages\/3858\/revisions"}],"predecessor-version":[{"id":4780,"href":"https:\/\/www.yellenge.nl\/en\/wp-json\/wp\/v2\/pages\/3858\/revisions\/4780"}],"wp:attachment":[{"href":"https:\/\/www.yellenge.nl\/en\/wp-json\/wp\/v2\/media?parent=3858"}],"curies":[{"name":"wp","href":"https:\/\/api.w.org\/{rel}","templated":true}]}}