{"id":3842,"date":"2025-06-30T12:38:30","date_gmt":"2025-06-30T12:38:30","guid":{"rendered":"https:\/\/www.yellenge.nl\/?page_id=3842"},"modified":"2026-01-07T09:03:57","modified_gmt":"2026-01-07T09:03:57","slug":"thank-you-for-your-message","status":"publish","type":"page","link":"https:\/\/www.yellenge.nl\/en\/thank-you-for-your-message\/","title":{"rendered":"Thank you for your message"},"content":{"rendered":"<section \n        class=\"wp-block-theme-content-image has-layout-  alignfull\">\n    <div class=\"wp-block-theme-content-image__inner\">\n        <div class=\"wp-block-theme-content-image__content\">\n            \n<h2 class=\"wp-block-heading\">Thank you for your message<\/h2>\n\n<p>We&#8217;ll get back to you as soon as possible. In the meantime, don&#8217;t wait: below you&#8217;ll find inspiration, case studies, and smart tools to make your event even more successful.<\/p>\n\n<ul  class=\"wp-block-theme-nav  \">\n            <li class=\"wp-block-theme-nav__item\">\n                                            <a href=\"https:\/\/www.yellenge.nl\/\" class='wp-block-theme-nav__link' target='_self'>                                    <span class=\"wp-block-theme-nav__label\">Back to home<\/span>\n                    <svg class=\"wp-block-theme-nav__arrow\" width=\"18\" height=\"17\">\n                        <use href=\"#icon-arrow\"><\/use>\n                    <\/svg>\n                            <\/a>\n    \n        <\/li>\n            <li class=\"wp-block-theme-nav__item\">\n                                            <a href=\"https:\/\/www.yellenge.nl\/cases\/\" class='wp-block-theme-nav__link' target='_self'>                                    <span class=\"wp-block-theme-nav__label\">Cases<\/span>\n                    <svg class=\"wp-block-theme-nav__arrow\" width=\"18\" height=\"17\">\n                        <use href=\"#icon-arrow\"><\/use>\n                    <\/svg>\n                            <\/a>\n    \n        <\/li>\n            <li class=\"wp-block-theme-nav__item\">\n                                            <a href=\"https:\/\/www.yellenge.nl\/contact\/\" class='wp-block-theme-nav__link' target='_self'>                                    <span class=\"wp-block-theme-nav__label\">Contact<\/span>\n                    <svg class=\"wp-block-theme-nav__arrow\" width=\"18\" height=\"17\">\n                        <use href=\"#icon-arrow\"><\/use>\n                    <\/svg>\n                            <\/a>\n    \n        <\/li>\n    <\/ul>\n        <\/div>\n                                            <div class=\"wp-block-theme-content-image__media\">\n                <img decoding=\"async\" data-src=\"https:\/\/www.yellenge.nl\/wp-content\/smush-webp\/2025\/04\/2024_12_02_YELLENGE_SFEER_KarinJonkers_134.jpg.webp\" alt=\"Yellenge Team\" class=\"wp-image-1293 lazyload\"\n                     data-srcset=\"https:\/\/www.yellenge.nl\/wp-content\/smush-webp\/2025\/04\/2024_12_02_YELLENGE_SFEER_KarinJonkers_134.jpg.webp 2500w, https:\/\/www.yellenge.nl\/wp-content\/smush-webp\/2025\/04\/2024_12_02_YELLENGE_SFEER_KarinJonkers_134-300x200.jpg.webp 300w, https:\/\/www.yellenge.nl\/wp-content\/smush-webp\/2025\/04\/2024_12_02_YELLENGE_SFEER_KarinJonkers_134-1024x682.jpg.webp 1024w, https:\/\/www.yellenge.nl\/wp-content\/smush-webp\/2025\/04\/2024_12_02_YELLENGE_SFEER_KarinJonkers_134-768x511.jpg.webp 768w, https:\/\/www.yellenge.nl\/wp-content\/smush-webp\/2025\/04\/2024_12_02_YELLENGE_SFEER_KarinJonkers_134-1536x1022.jpg.webp 1536w, https:\/\/www.yellenge.nl\/wp-content\/smush-webp\/2025\/04\/2024_12_02_YELLENGE_SFEER_KarinJonkers_134-2048x1363.jpg.webp 2048w\" data-sizes=\"(max-width: 2500px) 100vw, 2500px\"\n                     width=\"2500\" height=\"1664\" style=\"--smush-placeholder-width: 2500px; --smush-placeholder-aspect-ratio: 2500\/1664;object-position: 100% 55%\" src=\"data:image\/svg+xml;base64,PHN2ZyB3aWR0aD0iMSIgaGVpZ2h0PSIxIiB4bWxucz0iaHR0cDovL3d3dy53My5vcmcvMjAwMC9zdmciPjwvc3ZnPg==\">\n            <\/div>\n            <\/div>\n<\/section>\n\n\n\n<section \n        class=\"wp-block-theme-cover-content has-layout-quote  alignfull\">\n                            <div class=\"wp-block-theme-cover-content__bg\">\n            <img decoding=\"async\" data-src=\"https:\/\/www.yellenge.nl\/wp-content\/smush-webp\/2025\/04\/2024_12_02_YELLENGE_SFEER_KarinJonkers_067.jpg.webp\" alt=\"Yellenge Team\" class=\"wp-image-1246 lazyload\"\n                 data-srcset=\"https:\/\/www.yellenge.nl\/wp-content\/smush-webp\/2025\/04\/2024_12_02_YELLENGE_SFEER_KarinJonkers_067.jpg.webp 2500w, https:\/\/www.yellenge.nl\/wp-content\/uploads\/2025\/04\/2024_12_02_YELLENGE_SFEER_KarinJonkers_067-300x620-c-1.jpg 300w, https:\/\/www.yellenge.nl\/wp-content\/uploads\/2025\/04\/2024_12_02_YELLENGE_SFEER_KarinJonkers_067-1024x620-c-1.jpg 1024w, https:\/\/www.yellenge.nl\/wp-content\/uploads\/2025\/04\/2024_12_02_YELLENGE_SFEER_KarinJonkers_067-768x620-c-1.jpg 768w, https:\/\/www.yellenge.nl\/wp-content\/smush-webp\/2025\/04\/2024_12_02_YELLENGE_SFEER_KarinJonkers_067-1536x1022.jpg.webp 1536w, https:\/\/www.yellenge.nl\/wp-content\/smush-webp\/2025\/04\/2024_12_02_YELLENGE_SFEER_KarinJonkers_067-2048x1363.jpg.webp 2048w\" data-sizes=\"(max-width: 2500px) 100vw, 2500px\"\n                 width=\"2500\" height=\"1664\" style=\"--smush-placeholder-width: 2500px; --smush-placeholder-aspect-ratio: 2500\/1664;object-position: 75% 53%\" src=\"data:image\/svg+xml;base64,PHN2ZyB3aWR0aD0iMSIgaGVpZ2h0PSIxIiB4bWxucz0iaHR0cDovL3d3dy53My5vcmcvMjAwMC9zdmciPjwvc3ZnPg==\">\n        <\/div>\n        <div class=\"wp-block-theme-cover-content__inner\">\n        <div class=\"wp-block-theme-cover-content__content\">\n            \n<figure class=\"wp-block-pullquote\"><blockquote><p>Een event is meer dan een bijeenkomst, het is een kans om mensen samen te brengen.<\/p><cite>Team Yellenge<\/cite><\/blockquote><\/figure>\n\n        <\/div>\n    <\/div>\n<\/section>\n\n\n<section \n        class=\"wp-block-theme-footer-cta  alignfull\">\n    <div class=\"wp-block-theme-footer-cta__main\">\n        <div class=\"wp-block-theme-footer-cta__bg-wrap\">\n            <div class=\"wp-block-theme-footer-cta__bg\" data-anim-moving>\n                <svg viewBox=\"0 0 1069 917\">\n                    <use href=\"#paint_shapes_left\" fill=\"url('#paint0_linear_left')\"><\/use>\n                <\/svg>\n            <\/div>\n        <\/div>\n        <div class=\"wp-block-theme-footer-cta__inner\">\n            \n<div class=\"wp-block-theme-column\">\n<h2 class=\"wp-block-heading has-large-font-size\">Onze consultants staan voor je klaar en denken mee!<\/h2>\n\n\n\n<p>Of je nu net begint of al jaren ervaring hebt: met Yellenge sta je er nooit alleen voor. Onze consultants helpen je van planning tot evaluatie met advies, ondersteuning en slimme oplossingen. Maak jouw event slimmer, eenvoudiger en professioneler.<\/p>\n\n\n\n<div class=\"wp-block-buttons is-layout-flex wp-block-buttons-is-layout-flex\">\n<div class=\"wp-block-button\"><a class=\"wp-block-button__link wp-element-button\" href=\"https:\/\/www.yellenge.nl\/en\/schedule-demo\/\"><div data-anim-rotate><div>Plan een demo<\/div><\/div><\/a><\/div>\n<\/div>\n<\/div>\n\n<div class=\"wp-block-theme-column\">\n<h3 class=\"wp-block-heading\">Download de brochure<\/h3>\n\n\n\n<p>Ontdek alle mogelijkheden van Yellenge in \u00e9\u00e9n overzicht. Leer hoe het alles-in-\u00e9\u00e9n platform jouw events eenvoudiger, interactiever en succesvoller maakt.<\/p>\n\n\n\n<div class=\"wp-block-buttons is-layout-flex wp-block-buttons-is-layout-flex\">\n<div class=\"wp-block-button is-style-arrow\"><a class=\"wp-block-button__link \" href=\"https:\/\/www.yellenge.nl\/en\/brochure-download\/\"><span>Download de brochure<\/span>            <span class=\"oval\"><span class=\"btn-moving\">    <svg width=\"15\" height=\"13\">\n        <use href=\"#icon-arrow\"><\/use>\n    <\/svg>\n    <svg width=\"15\" height=\"13\">\n        <use href=\"#icon-arrow\"><\/use>\n    <\/svg>\n<\/span><\/span>\n    <\/a><\/div>\n<\/div>\n<\/div>\n\n<div class=\"wp-block-theme-column\">\n<h3 class=\"wp-block-heading\">Vraag een offerte aan<\/h3>\n\n\n\n<p>Benieuwd wat Yellenge voor jouw event kan betekenen? Vraag een offerte aan en ontvang een voorstel op maat, afgestemd op jouw wensen en doelen.<\/p>\n\n\n\n<div class=\"wp-block-buttons is-layout-flex wp-block-buttons-is-layout-flex\">\n<div class=\"wp-block-button is-style-arrow\"><a class=\"wp-block-button__link \" href=\"https:\/\/www.yellenge.nl\/en\/request-quotation\/\"><span>Offerte aanvragen<\/span>            <span class=\"oval\"><span class=\"btn-moving\">    <svg width=\"15\" height=\"13\">\n        <use href=\"#icon-arrow\"><\/use>\n    <\/svg>\n    <svg width=\"15\" height=\"13\">\n        <use href=\"#icon-arrow\"><\/use>\n    <\/svg>\n<\/span><\/span>\n    <\/a><\/div>\n<\/div>\n<\/div>\n\n        <\/div>\n    <\/div>\n            <div class=\"wp-block-theme-footer-cta__image\">\n                                                    <img decoding=\"async\" data-src=\"https:\/\/www.yellenge.nl\/wp-content\/smush-webp\/2025\/04\/2024_12_02_YELLENGE_SFEER_KarinJonkers_055.jpg.webp\" alt=\"\" data-srcset=\"https:\/\/www.yellenge.nl\/wp-content\/smush-webp\/2025\/04\/2024_12_02_YELLENGE_SFEER_KarinJonkers_055.jpg.webp 2500w, https:\/\/www.yellenge.nl\/wp-content\/uploads\/2025\/04\/2024_12_02_YELLENGE_SFEER_KarinJonkers_055-300x630-c-1.jpg 300w, https:\/\/www.yellenge.nl\/wp-content\/smush-webp\/2025\/04\/2024_12_02_YELLENGE_SFEER_KarinJonkers_055-1024x682.jpg.webp 1024w, https:\/\/www.yellenge.nl\/wp-content\/uploads\/2025\/04\/2024_12_02_YELLENGE_SFEER_KarinJonkers_055-768x630-c-1.jpg 768w, https:\/\/www.yellenge.nl\/wp-content\/smush-webp\/2025\/04\/2024_12_02_YELLENGE_SFEER_KarinJonkers_055-1536x1022.jpg.webp 1536w, https:\/\/www.yellenge.nl\/wp-content\/smush-webp\/2025\/04\/2024_12_02_YELLENGE_SFEER_KarinJonkers_055-2048x1363.jpg.webp 2048w\" data-sizes=\"(max-width: 2500px) 100vw, 2500px\"\n                     style=\"--smush-placeholder-width: 2500px; --smush-placeholder-aspect-ratio: 2500\/1664;object-position: 49% 0%\" width=\"2500\" height=\"1664\" src=\"data:image\/svg+xml;base64,PHN2ZyB3aWR0aD0iMSIgaGVpZ2h0PSIxIiB4bWxucz0iaHR0cDovL3d3dy53My5vcmcvMjAwMC9zdmciPjwvc3ZnPg==\" class=\"lazyload\">\n                    <\/div>\n    <\/section>\n\n","protected":false},"excerpt":{"rendered":"","protected":false},"author":11,"featured_media":0,"parent":0,"menu_order":34,"comment_status":"closed","ping_status":"closed","template":"","meta":{"_acf_changed":false,"_seopress_robots_primary_cat":"","_seopress_titles_title":"","_seopress_titles_desc":"Thank you for your message, we will get back to you soon","_seopress_robots_index":"","footnotes":""},"class_list":["post-3842","page","type-page","status-publish","hentry"],"acf":[],"_links":{"self":[{"href":"https:\/\/www.yellenge.nl\/en\/wp-json\/wp\/v2\/pages\/3842","targetHints":{"allow":["GET"]}}],"collection":[{"href":"https:\/\/www.yellenge.nl\/en\/wp-json\/wp\/v2\/pages"}],"about":[{"href":"https:\/\/www.yellenge.nl\/en\/wp-json\/wp\/v2\/types\/page"}],"author":[{"embeddable":true,"href":"https:\/\/www.yellenge.nl\/en\/wp-json\/wp\/v2\/users\/11"}],"replies":[{"embeddable":true,"href":"https:\/\/www.yellenge.nl\/en\/wp-json\/wp\/v2\/comments?post=3842"}],"version-history":[{"count":4,"href":"https:\/\/www.yellenge.nl\/en\/wp-json\/wp\/v2\/pages\/3842\/revisions"}],"predecessor-version":[{"id":4818,"href":"https:\/\/www.yellenge.nl\/en\/wp-json\/wp\/v2\/pages\/3842\/revisions\/4818"}],"wp:attachment":[{"href":"https:\/\/www.yellenge.nl\/en\/wp-json\/wp\/v2\/media?parent=3842"}],"curies":[{"name":"wp","href":"https:\/\/api.w.org\/{rel}","templated":true}]}}