{"id":3788,"date":"2025-02-11T15:46:20","date_gmt":"2025-02-11T15:46:20","guid":{"rendered":"https:\/\/www.yellenge.nl\/?page_id=3788"},"modified":"2026-01-07T09:18:32","modified_gmt":"2026-01-07T09:18:32","slug":"general-conditions","status":"publish","type":"page","link":"https:\/\/www.yellenge.nl\/en\/general-conditions\/","title":{"rendered":"General Conditions"},"content":{"rendered":"\n\n<section \n        class=\"wp-block-theme-hero  alignfull has-black-background-color has-background hero  \">\n    <div class=\"hero__bg bg-black\" data-anim-moving>\n        \n<svg viewBox=\"0 0 510 450\">\n    <use href=\"#paint_shapes\" fill=\"url('#paint0_linear')\"><\/use>\n<\/svg>    <\/div>\n    <div class=\"hero__inner\">\n                \n<div class=\"hero-content hero__content\">\n<h1 class=\"wp-block-heading hero__title\">General conditions<\/h1>\n<\/div>\n\n    <\/div>\n    <\/section>\n\n\n<div class=\"wp-block-group alignfull is-layout-constrained wp-block-group-is-layout-constrained\">\n<p>Korem ipsum dolor sit amet, consectetur adipiscing elit. Etiam eu turpis molestie, dictum est a, mattis tellus. Sed dignissim, metus nec fringilla accumsan, risus sem sollicitudin lacus, ut interdum tellus elit sed risus. Maecenas eget condimentum velit, sit amet feugiat lectus. Korem ipsum dolor sit amet, consectetur adipiscing elit. Etiam eu turpis molestie, dictum est a, mattis tellus. Sed dignissim, metus nec fringilla accumsan, risus sem sollicitudin lacus, ut interdum tellus elit sed risus. Maecenas eget condimentum velit, sit amet feugiat lectus.<br><br>Korem ipsum dolor sit amet, consectetur adipiscing elit. Etiam eu turpis molestie, dictum est a, mattis tellus. Sed dignissim, metus nec fringilla accumsan, risus sem sollicitudin lacus, ut interdum tellus elit sed risus. Maecenas eget condimentum velit, sit amet feugiat lectus.<br><br>Korem ipsum dolor sit amet, consectetur adipiscing elit. Etiam eu turpis molestie, dictum est a, mattis tellus. Sed dignissim, metus nec fringilla accumsan, risus sem sollicitudin lacus, ut interdum tellus elit sed risus. Maecenas eget condimentum velit, sit amet feugiat lectus.<br><br>Korem ipsum dolor sit amet, consectetur adipiscing elit. Etiam eu turpis molestie, dictum est a, mattis tellus. Sed dignissim, metus nec fringilla accumsan, risus sem sollicitudin lacus, ut interdum tellus elit sed risus. Maecenas eget condimentum velit, sit amet feugiat lectus. Korem ipsum dolor sit amet, consectetur adipiscing elit. Etiam eu turpis molestie, dictum est a, mattis tellus. Sed dignissim, metus nec fringilla accumsan, risus sem sollicitudin lacus, ut interdum tellus elit sed risus. Maecenas eget condimentum velit, sit amet feugiat lectus.<br><br>Korem ipsum dolor sit amet, consectetur adipiscing elit. Etiam eu turpis molestie, dictum est a, mattis tellus. Sed dignissim, metus nec fringilla accumsan, risus sem sollicitudin lacus, ut interdum tellus elit sed risus. Maecenas eget condimentum velit, sit amet feugiat lectus.<br><br>Korem ipsum dolor sit amet, consectetur adipiscing elit. Etiam eu turpis molestie, dictum est a, mattis tellus. Sed dignissim, metus nec fringilla accumsan, risus sem sollicitudin lacus, ut interdum tellus elit sed risus. Maecenas eget condimentum velit, sit amet feugiat lectus.<br><br>Korem ipsum dolor sit amet, consectetur adipiscing elit. Etiam eu turpis molestie, dictum est a, mattis tellus. Sed dignissim, metus nec fringilla accumsan, risus sem sollicitudin lacus, ut interdum tellus elit sed risus. Maecenas eget condimentum velit, sit amet feugiat lectus. Korem ipsum dolor sit amet, consectetur adipiscing elit. Etiam eu turpis molestie, dictum est a, mattis tellus. Sed dignissim, metus nec fringilla accumsan, risus sem sollicitudin lacus, ut interdum tellus elit sed risus. Maecenas eget condimentum velit, sit amet feugiat lectus.<br><br>Korem ipsum dolor sit amet, consectetur adipiscing elit. Etiam eu turpis molestie, dictum est a, mattis tellus. Sed dignissim, metus nec fringilla accumsan, risus sem sollicitudin lacus, ut interdum tellus elit sed risus. Maecenas eget condimentum velit, sit amet feugiat lectus.<br><br>Korem ipsum dolor sit amet, consectetur adipiscing elit. Etiam eu turpis molestie, dictum est a, mattis tellus. Sed dignissim, metus nec fringilla accumsan, risus sem sollicitudin lacus, ut interdum tellus elit sed risus. Maecenas eget condimentum velit, sit amet feugiat lectus.<\/p>\n<\/div>\n\n\n\n<section \n        class=\"wp-block-theme-footer-cta  alignfull\">\n    <div class=\"wp-block-theme-footer-cta__main\">\n        <div class=\"wp-block-theme-footer-cta__bg-wrap\">\n            <div class=\"wp-block-theme-footer-cta__bg\" data-anim-moving>\n                <svg viewBox=\"0 0 1069 917\">\n                    <use href=\"#paint_shapes_left\" fill=\"url('#paint0_linear_left')\"><\/use>\n                <\/svg>\n            <\/div>\n        <\/div>\n        <div class=\"wp-block-theme-footer-cta__inner\">\n            \n<div class=\"wp-block-theme-column\">\n<h2 class=\"wp-block-heading has-large-font-size\">Onze consultants staan voor je klaar en denken mee!<\/h2>\n\n\n\n<p>Of je nu net begint of al jaren ervaring hebt: met Yellenge sta je er nooit alleen voor. Onze consultants helpen je van planning tot evaluatie met advies, ondersteuning en slimme oplossingen. Maak jouw event slimmer, eenvoudiger en professioneler.<\/p>\n\n\n\n<div class=\"wp-block-buttons is-layout-flex wp-block-buttons-is-layout-flex\">\n<div class=\"wp-block-button\"><a class=\"wp-block-button__link wp-element-button\" href=\"https:\/\/www.yellenge.nl\/en\/schedule-demo\/\"><div data-anim-rotate><div>Plan een demo<\/div><\/div><\/a><\/div>\n<\/div>\n<\/div>\n\n<div class=\"wp-block-theme-column\">\n<h3 class=\"wp-block-heading\">Download de brochure<\/h3>\n\n\n\n<p>Ontdek alle mogelijkheden van Yellenge in \u00e9\u00e9n overzicht. Leer hoe het alles-in-\u00e9\u00e9n platform jouw events eenvoudiger, interactiever en succesvoller maakt.<\/p>\n\n\n\n<div class=\"wp-block-buttons is-layout-flex wp-block-buttons-is-layout-flex\">\n<div class=\"wp-block-button is-style-arrow\"><a class=\"wp-block-button__link \" href=\"https:\/\/www.yellenge.nl\/en\/brochure-download\/\"><span>Download de brochure<\/span>            <span class=\"oval\"><span class=\"btn-moving\">    <svg width=\"15\" height=\"13\">\n        <use href=\"#icon-arrow\"><\/use>\n    <\/svg>\n    <svg width=\"15\" height=\"13\">\n        <use href=\"#icon-arrow\"><\/use>\n    <\/svg>\n<\/span><\/span>\n    <\/a><\/div>\n<\/div>\n<\/div>\n\n<div class=\"wp-block-theme-column\">\n<h3 class=\"wp-block-heading\">Vraag een offerte aan<\/h3>\n\n\n\n<p>Benieuwd wat Yellenge voor jouw event kan betekenen? Vraag een offerte aan en ontvang een voorstel op maat, afgestemd op jouw wensen en doelen.<\/p>\n\n\n\n<div class=\"wp-block-buttons is-layout-flex wp-block-buttons-is-layout-flex\">\n<div class=\"wp-block-button is-style-arrow\"><a class=\"wp-block-button__link \" href=\"https:\/\/www.yellenge.nl\/en\/request-quotation\/\"><span>Offerte aanvragen<\/span>            <span class=\"oval\"><span class=\"btn-moving\">    <svg width=\"15\" height=\"13\">\n        <use href=\"#icon-arrow\"><\/use>\n    <\/svg>\n    <svg width=\"15\" height=\"13\">\n        <use href=\"#icon-arrow\"><\/use>\n    <\/svg>\n<\/span><\/span>\n    <\/a><\/div>\n<\/div>\n<\/div>\n\n        <\/div>\n    <\/div>\n            <div class=\"wp-block-theme-footer-cta__image\">\n                                            <\/div>\n    <\/section>","protected":false},"excerpt":{"rendered":"<p>Korem ipsum dolor sit amet, consectetur adipiscing elit. Etiam eu turpis molestie, dictum est a, mattis tellus. Sed dignissim, metus nec fringilla accumsan, risus sem sollicitudin lacus, ut interdum tellus elit sed risus. Maecenas eget condimentum velit, sit amet feugiat lectus. Korem ipsum dolor sit amet, consectetur adipiscing elit. Etiam eu turpis molestie, dictum est [&hellip;]<\/p>\n","protected":false},"author":11,"featured_media":0,"parent":0,"menu_order":35,"comment_status":"closed","ping_status":"closed","template":"","meta":{"_acf_changed":false,"_seopress_robots_primary_cat":"","_seopress_titles_title":"","_seopress_titles_desc":"General conditions","_seopress_robots_index":"","footnotes":""},"class_list":["post-3788","page","type-page","status-publish","hentry"],"acf":[],"_links":{"self":[{"href":"https:\/\/www.yellenge.nl\/en\/wp-json\/wp\/v2\/pages\/3788","targetHints":{"allow":["GET"]}}],"collection":[{"href":"https:\/\/www.yellenge.nl\/en\/wp-json\/wp\/v2\/pages"}],"about":[{"href":"https:\/\/www.yellenge.nl\/en\/wp-json\/wp\/v2\/types\/page"}],"author":[{"embeddable":true,"href":"https:\/\/www.yellenge.nl\/en\/wp-json\/wp\/v2\/users\/11"}],"replies":[{"embeddable":true,"href":"https:\/\/www.yellenge.nl\/en\/wp-json\/wp\/v2\/comments?post=3788"}],"version-history":[{"count":3,"href":"https:\/\/www.yellenge.nl\/en\/wp-json\/wp\/v2\/pages\/3788\/revisions"}],"predecessor-version":[{"id":4825,"href":"https:\/\/www.yellenge.nl\/en\/wp-json\/wp\/v2\/pages\/3788\/revisions\/4825"}],"wp:attachment":[{"href":"https:\/\/www.yellenge.nl\/en\/wp-json\/wp\/v2\/media?parent=3788"}],"curies":[{"name":"wp","href":"https:\/\/api.w.org\/{rel}","templated":true}]}}